{"id":23,"date":"2026-03-10T12:29:11","date_gmt":"2026-03-10T12:29:11","guid":{"rendered":"https:\/\/spiekua.pl\/?page_id=23"},"modified":"2026-03-10T12:29:11","modified_gmt":"2026-03-10T12:29:11","slug":"o-blogu","status":"publish","type":"page","link":"https:\/\/spiekua.pl\/?page_id=23","title":{"rendered":"O blogu"},"content":{"rendered":"\n<p><strong>Blog \u201eUzdrowiskowa Przysta\u0144\u201d <\/strong>powsta\u0142 z my\u015bl\u0105 o osobach, kt\u00f3re chc\u0105 \u015bwiadomie zadba\u0107 o zdrowie i regeneracj\u0119 organizmu. Wsp\u00f3\u0142czesne tempo \u017cycia sprawia, \u017ce coraz cz\u0119\u015bciej szukamy miejsc pozwalaj\u0105cych na prawdziwy odpoczynek. Uzdrowiska, hotele spa oraz aparthotele oferuj\u0105ce strefy wellness staj\u0105 si\u0119 przestrzeni\u0105, w kt\u00f3rej mo\u017cna po\u0142\u0105czy\u0107 relaks z profilaktyk\u0105 zdrowotn\u0105.<\/p>\n\n\n\n<p>Na blogu publikowane s\u0105<strong> artyku\u0142y dotycz\u0105ce turystyki uzdrowiskowej<\/strong>, naturalnych metod terapii oraz nowoczesnych form wypoczynku. Czytelnicy znajd\u0105 tu zar\u00f3wno analizy konkretnych region\u00f3w, jak i informacje o zabiegach odnowy biologicznej czy w\u0142a\u015bciwo\u015bciach w\u00f3d mineralnych.<\/p>\n\n\n\n<p>Najwa\u017cniejsze obszary tematyczne bloga to:<\/p>\n\n\n\n<ul class=\"wp-block-list\">\n<li>uzdrowiska i sanatoria w Polsce<\/li>\n\n\n\n<li>hotele spa i aparthotele oferuj\u0105ce strefy wellness<\/li>\n\n\n\n<li>naturalne surowce lecznicze, takie jak wody mineralne i borowiny<\/li>\n\n\n\n<li>zabiegi odnowy biologicznej oraz balneoterapia<\/li>\n\n\n\n<li>inspiracje do wyjazd\u00f3w regeneracyjnych<\/li>\n<\/ul>\n\n\n\n<p><strong>Celem bloga jest dostarczanie rzetelnej wiedzy oraz inspiracji do \u015bwiadomego odpoczynku. <\/strong>W artyku\u0142ach poruszane s\u0105 zar\u00f3wno zagadnienia zwi\u0105zane z leczeniem uzdrowiskowym, jak i nowoczesnym podej\u015bciem do wellness i turystyki zdrowotnej.<\/p>\n\n\n\n<p><strong>\u201eUzdrowiskowa Przysta\u0144\u201d<\/strong> pokazuje, \u017ce odpoczynek mo\u017ce by\u0107 nie tylko przyjemno\u015bci\u0105, lecz tak\u017ce wa\u017cnym elementem dbania o zdrowie i dobre samopoczucie.<\/p>\n","protected":false},"excerpt":{"rendered":"<p>Blog \u201eUzdrowiskowa Przysta\u0144\u201d powsta\u0142 z my\u015bl\u0105 o osobach, kt\u00f3re chc\u0105 \u015bwiadomie zadba\u0107 o zdrowie i regeneracj\u0119 organizmu. Wsp\u00f3\u0142czesne tempo \u017cycia sprawia, \u017ce coraz cz\u0119\u015bciej szukamy miejsc pozwalaj\u0105cych na prawdziwy odpoczynek. Uzdrowiska, hotele spa oraz aparthotele oferuj\u0105ce strefy wellness staj\u0105 si\u0119 przestrzeni\u0105, w kt\u00f3rej mo\u017cna po\u0142\u0105czy\u0107 relaks z profilaktyk\u0105 zdrowotn\u0105. Na blogu publikowane s\u0105 artyku\u0142y dotycz\u0105ce [&hellip;]<\/p>\n","protected":false},"author":1,"featured_media":0,"parent":0,"menu_order":0,"comment_status":"closed","ping_status":"closed","template":"","meta":{"footnotes":""},"class_list":["post-23","page","type-page","status-publish","hentry"],"_links":{"self":[{"href":"https:\/\/spiekua.pl\/index.php?rest_route=\/wp\/v2\/pages\/23","targetHints":{"allow":["GET"]}}],"collection":[{"href":"https:\/\/spiekua.pl\/index.php?rest_route=\/wp\/v2\/pages"}],"about":[{"href":"https:\/\/spiekua.pl\/index.php?rest_route=\/wp\/v2\/types\/page"}],"author":[{"embeddable":true,"href":"https:\/\/spiekua.pl\/index.php?rest_route=\/wp\/v2\/users\/1"}],"replies":[{"embeddable":true,"href":"https:\/\/spiekua.pl\/index.php?rest_route=%2Fwp%2Fv2%2Fcomments&post=23"}],"version-history":[{"count":1,"href":"https:\/\/spiekua.pl\/index.php?rest_route=\/wp\/v2\/pages\/23\/revisions"}],"predecessor-version":[{"id":24,"href":"https:\/\/spiekua.pl\/index.php?rest_route=\/wp\/v2\/pages\/23\/revisions\/24"}],"wp:attachment":[{"href":"https:\/\/spiekua.pl\/index.php?rest_route=%2Fwp%2Fv2%2Fmedia&parent=23"}],"curies":[{"name":"wp","href":"https:\/\/api.w.org\/{rel}","templated":true}]}}